{"id":899,"date":"2023-06-23T14:26:37","date_gmt":"2023-06-23T12:26:37","guid":{"rendered":"https:\/\/kadorpartner.com\/?page_id=899"},"modified":"2024-05-15T14:48:48","modified_gmt":"2024-05-15T12:48:48","slug":"kontakt","status":"publish","type":"page","link":"https:\/\/kadorpartner.com\/de\/kontakt\/","title":{"rendered":"Kontakt"},"content":{"rendered":"<div id=\"standorte\" class=\"fusion-container-anchor\"><div class=\"fusion-fullwidth fullwidth-box fusion-builder-row-1 fusion-flex-container has-pattern-background has-mask-background nonhundred-percent-fullwidth non-hundred-percent-height-scrolling fusion-custom-z-index\" style=\"--awb-border-radius-top-left:0px;--awb-border-radius-top-right:0px;--awb-border-radius-bottom-right:0px;--awb-border-radius-bottom-left:0px;--awb-z-index:30;--awb-background-color:var(--awb-color1);--awb-flex-wrap:wrap;\" ><div class=\"fusion-builder-row fusion-row fusion-flex-align-items-flex-start fusion-flex-align-content-flex-start fusion-flex-justify-content-center fusion-flex-content-wrap\" style=\"max-width:1144px;margin-left: calc(-4% \/ 2 );margin-right: calc(-4% \/ 2 );\"><div class=\"fusion-layout-column fusion_builder_column fusion-builder-column-0 fusion_builder_column_1_1 1_1 fusion-flex-column fusion-flex-align-self-flex-start\" style=\"--awb-bg-size:cover;--awb-width-large:100%;--awb-margin-top-large:0px;--awb-spacing-right-large:1.92%;--awb-margin-bottom-large:20px;--awb-spacing-left-large:1.92%;--awb-width-medium:100%;--awb-order-medium:0;--awb-spacing-right-medium:1.92%;--awb-spacing-left-medium:1.92%;--awb-width-small:100%;--awb-order-small:0;--awb-spacing-right-small:1.92%;--awb-spacing-left-small:1.92%;\" data-scroll-devices=\"small-visibility,medium-visibility,large-visibility\"><div class=\"fusion-column-wrapper fusion-column-has-shadow fusion-flex-justify-content-flex-start fusion-content-layout-column\"><div class=\"fusion-separator fusion-full-width-sep\" style=\"align-self: center;margin-left: auto;margin-right: auto;margin-top:30px;margin-bottom:30px;width:100%;max-width:100%;\"><\/div><div class=\"fusion-title title fusion-title-1 fusion-sep-none fusion-title-text fusion-title-size-one\" style=\"--awb-text-color:var(--awb-color4);--awb-font-size:var(--awb-typography2-font-size);\"><h1 class=\"fusion-title-heading title-heading-left\" style=\"font-family:var(--awb-typography2-font-family);font-weight:var(--awb-typography2-font-weight);font-style:var(--awb-typography2-font-style);margin:0;font-size:1em;letter-spacing:var(--awb-typography1-letter-spacing);text-transform:var(--awb-typography1-text-transform);line-height:var(--awb-typography1-line-height);\">Kontakt<\/h1><\/div><div class=\"fusion-separator fusion-full-width-sep\" style=\"align-self: center;margin-left: auto;margin-right: auto;margin-top:5px;margin-bottom:5px;width:100%;max-width:100%;\"><\/div><\/div><\/div><div class=\"fusion-layout-column fusion_builder_column fusion-builder-column-1 fusion_builder_column_1_1 1_1 fusion-flex-column fusion-flex-align-self-flex-start\" style=\"--awb-padding-top:0px;--awb-bg-size:cover;--awb-width-large:100%;--awb-margin-top-large:0px;--awb-spacing-right-large:1.92%;--awb-margin-bottom-large:20px;--awb-spacing-left-large:1.92%;--awb-width-medium:100%;--awb-order-medium:0;--awb-spacing-right-medium:1.92%;--awb-spacing-left-medium:1.92%;--awb-width-small:100%;--awb-order-small:0;--awb-spacing-right-small:1.92%;--awb-spacing-left-small:1.92%;\" data-scroll-devices=\"small-visibility,medium-visibility,large-visibility\"><div class=\"fusion-column-wrapper fusion-column-has-shadow fusion-flex-justify-content-flex-start fusion-content-layout-column\"><div class=\"accordian fusion-accordian\" style=\"--awb-margin-top:0px;--awb-border-size:1px;--awb-icon-size:20px;--awb-content-font-size:var(--awb-typography4-font-size);--awb-icon-alignment:right;--awb-hover-color:var(--awb-color3);--awb-border-color:var(--awb-color4);--awb-background-color:var(--awb-color3);--awb-divider-color:var(--awb-color3);--awb-divider-hover-color:var(--awb-color3);--awb-icon-color:var(--awb-color3);--awb-title-color:var(--awb-color3);--awb-content-color:var(--awb-color8);--awb-icon-box-color:var(--awb-color3);--awb-toggle-hover-accent-color:var(--awb-color3);--awb-toggle-active-accent-color:var(--awb-color3);--awb-title-font-family:&quot;DM Sans&quot;;--awb-title-font-weight:400;--awb-title-font-style:normal;--awb-title-font-size:14.5px;--awb-title-letter-spacing:0.015em;--awb-title-line-height:1.25;--awb-content-font-family:var(--awb-typography4-font-family);--awb-content-font-weight:var(--awb-typography4-font-weight);--awb-content-font-style:var(--awb-typography4-font-style);\"><div class=\"panel-group fusion-toggle-icon-right fusion-toggle-icon-unboxed\" id=\"accordion-899-1\"><div class=\"fusion-panel panel-default panel-734adbc5e6e0bdbeb fusion-toggle-no-divider fusion-toggle-boxed-mode\" style=\"--awb-title-color:var(--awb-color3);\"><div class=\"panel-heading\"><h4 class=\"panel-title toggle\" id=\"toggle_734adbc5e6e0bdbeb\"><a class=\"active\" aria-expanded=\"true\" aria-controls=\"734adbc5e6e0bdbeb\" role=\"button\" data-toggle=\"collapse\" data-parent=\"#accordion-899-1\" data-target=\"#734adbc5e6e0bdbeb\" href=\"#734adbc5e6e0bdbeb\"><span class=\"fusion-toggle-icon-wrapper\" aria-hidden=\"true\"><i class=\"fa-fusion-box active-icon fa-arrow-alt-circle-right fas\" aria-hidden=\"true\"><\/i><i class=\"fa-fusion-box inactive-icon fa-arrow-alt-circle-down fas\" aria-hidden=\"true\"><\/i><\/span><span class=\"fusion-toggle-heading\">KADOR &amp; PARTNER - M\u00dcNCHEN<\/span><\/a><\/h4><\/div><div id=\"734adbc5e6e0bdbeb\" class=\"panel-collapse collapse in\" aria-labelledby=\"toggle_734adbc5e6e0bdbeb\"><div class=\"panel-body toggle-content fusion-clearfix\">\n<p><iframe class=\"lazyload fusion-hidden\" data-privacy-type=\"gmaps\" src=\"data:image\/svg+xml,%3Csvg%20xmlns%3D%27http%3A%2F%2Fwww.w3.org%2F2000%2Fsvg%27%20width%3D%27100%27%20height%3D%27280%27%20viewBox%3D%270%200%20100%20280%27%3E%3Crect%20width%3D%27100%27%20height%3D%27280%27%20fill-opacity%3D%220%22%2F%3E%3C%2Fsvg%3E\" data-orig-src=\"\" style=\"float: right; margin-left: 20px; max-width: 600px; border: 1px solid #fff;\" data-privacy-src=\"https:\/\/www.google.com\/maps\/embed?pb=!1m14!1m8!1m3!1d10651.591812459059!2d11.5766176!3d48.1314913!3m2!1i1024!2i768!4f13.1!3m3!1m2!1s0x479ddf61106ee00b%3A0x9aa5cfd5495cc642!2sKador%20und%20Partner!5e0!3m2!1sen!2sde!4v1687523425278!5m2!1sen!2sde\" width=\"100%\" height=\"280\" allowfullscreen=\"allowfullscreen\"><\/iframe><div class=\"fusion-privacy-placeholder\" style=\"width:100%; height:280px;\" data-privacy-type=\"gmaps\"><div class=\"fusion-privacy-placeholder-content\"><div class=\"fusion-privacy-label\">For privacy reasons Google Maps needs your permission to be loaded. For more details, please see our <a class=\"privacy-policy-link\" href=\"https:\/\/kadorpartner.com\/de\/datenschutz\/\" rel=\"privacy-policy\">Datenschutz<\/a>.<\/div><button data-privacy-type=\"gmaps\" class=\"fusion-button button-default fusion-button-default-size button fusion-privacy-consent\">I Accept<\/button><\/div><\/div><\/p>\n<p>Corneliusstr.15<br \/>\n80469 M\u00fcnchen<\/p>\n<p>Tel: +49\/89\/2 01 52 52<br \/>\nFax: +49\/89\/2 01 52 42 oder 2 01 44 54<\/p>\n<p>E-Mail: <a href=\"mailto:mail@kadorpartner.com\">mail@kadorpartner.com<\/a><\/p>\n<\/div><\/div><\/div><div class=\"fusion-panel panel-default panel-701bc4130fcf2b0ad fusion-toggle-no-divider fusion-toggle-boxed-mode\" style=\"--awb-title-color:var(--awb-color3);\"><div class=\"panel-heading\"><h4 class=\"panel-title toggle\" id=\"toggle_701bc4130fcf2b0ad\"><a aria-expanded=\"false\" aria-controls=\"701bc4130fcf2b0ad\" role=\"button\" data-toggle=\"collapse\" data-parent=\"#accordion-899-1\" data-target=\"#701bc4130fcf2b0ad\" href=\"#701bc4130fcf2b0ad\"><span class=\"fusion-toggle-icon-wrapper\" aria-hidden=\"true\"><i class=\"fa-fusion-box active-icon fa-arrow-alt-circle-right fas\" aria-hidden=\"true\"><\/i><i class=\"fa-fusion-box inactive-icon fa-arrow-alt-circle-down fas\" aria-hidden=\"true\"><\/i><\/span><span class=\"fusion-toggle-heading\">KADOR &amp; PARTNER - INNSBRUCK<\/span><\/a><\/h4><\/div><div id=\"701bc4130fcf2b0ad\" class=\"panel-collapse collapse \" aria-labelledby=\"toggle_701bc4130fcf2b0ad\"><div class=\"panel-body toggle-content fusion-clearfix\">\n<p><iframe class=\"lazyload fusion-hidden\" data-privacy-type=\"gmaps\" src=\"data:image\/svg+xml,%3Csvg%20xmlns%3D%27http%3A%2F%2Fwww.w3.org%2F2000%2Fsvg%27%20width%3D%27600%27%20height%3D%27280%27%20viewBox%3D%270%200%20600%20280%27%3E%3Crect%20width%3D%27600%27%20height%3D%27280%27%20fill-opacity%3D%220%22%2F%3E%3C%2Fsvg%3E\" data-orig-src=\"\" style=\"float: right; margin-left: 20px; max-width: 100%; border: 1px solid #fff;\" data-privacy-src=\"https:\/\/www.google.com\/maps\/embed?pb=!1m14!1m8!1m3!1d21655.46041379537!2d11.401625!3d47.276573000000006!3m2!1i1024!2i768!4f13.1!3m3!1m2!1s0x479d6bff7ecf0919%3A0x72f78cc30ddec0ce!2sBienerstra%C3%9Fe%202%2C%206020%20Innsbruck%2C%20%C3%96sterreich!5e0!3m2!1sde!2sus!4v1688384535883!5m2!1sde!2sus\" width=\"600\" height=\"280\" allowfullscreen=\"allowfullscreen\"><\/iframe><div class=\"fusion-privacy-placeholder\" style=\"width:600px; height:280px;\" data-privacy-type=\"gmaps\"><div class=\"fusion-privacy-placeholder-content\"><div class=\"fusion-privacy-label\">For privacy reasons Google Maps needs your permission to be loaded. For more details, please see our <a class=\"privacy-policy-link\" href=\"https:\/\/kadorpartner.com\/de\/datenschutz\/\" rel=\"privacy-policy\">Datenschutz<\/a>.<\/div><button data-privacy-type=\"gmaps\" class=\"fusion-button button-default fusion-button-default-size button fusion-privacy-consent\">I Accept<\/button><\/div><\/div><\/p>\n<p>Bienerstrasse 2A<br \/>\n6020 Innsbruck<\/p>\n<p>Tel: +43\/512 58 33 12<\/p>\n<p>E-Mail: <a href=\"mailto:mail@kadorpartner.at\">mail@kadorpartne<span style=\"color: var(--awb-custom_color_1);\">r.<\/span><\/a><span style=\"color: var(--awb-custom_color_1);\">com <\/span><\/p>\n<\/div><\/div><\/div><\/div><\/div><div class=\"fusion-separator fusion-full-width-sep\" style=\"align-self: center;margin-left: auto;margin-right: auto;margin-top:5px;margin-bottom:5px;width:100%;max-width:100%;\"><\/div><script>\njQuery(document).ready(function($) {\n    \/\/ Flexslider-Instanz abrufen\n    var flexslider = $('.flexslider').data('flexslider');\n    \n    \/\/ Button-Click-Handler f\u00fcr Vorw\u00e4rts-Button\n    $('.mein-vorwaerts-button').click(function() {\n        \/\/ Flexslider zur n\u00e4chsten Folie bewegen\n        flexslider.flexslider('next');\n        \n        \/\/ Tab f\u00fcr Innsbruck \u00f6ffnen\n        $('.fusion-accordian').fusion_toggle_accordian('#tab-701bc4130fcf2b0ad');\n        \n        \/\/ Verhindern, dass der Browser dem Link folgt\n        return false;\n    });\n    \n    \/\/ Button-Click-Handler f\u00fcr R\u00fcckw\u00e4rts-Button\n    $('.mein-rueckwaerts-button').click(function() {\n        \/\/ Flexslider zur vorherigen Folie bewegen\n        flexslider.flexslider('prev');\n        \n        \/\/ Tab f\u00fcr M\u00fcnchen \u00f6ffnen\n        $('.fusion-accordian').fusion_toggle_accordian('#tab-734adbc5e6e0bdbeb');\n        \n        \/\/ Verhindern, dass der Browser dem Link folgt\n        return false;\n    });\n});\n<\/script><\/div><\/div><div class=\"fusion-layout-column fusion_builder_column fusion-builder-column-2 fusion_builder_column_1_1 1_1 fusion-flex-column fusion-flex-align-self-flex-start\" style=\"--awb-bg-size:cover;--awb-width-large:100%;--awb-margin-top-large:0px;--awb-spacing-right-large:1.92%;--awb-margin-bottom-large:20px;--awb-spacing-left-large:1.92%;--awb-width-medium:100%;--awb-order-medium:0;--awb-spacing-right-medium:1.92%;--awb-spacing-left-medium:1.92%;--awb-width-small:100%;--awb-order-small:0;--awb-spacing-right-small:1.92%;--awb-spacing-left-small:1.92%;\" data-scroll-devices=\"small-visibility,medium-visibility,large-visibility\"><div class=\"fusion-column-wrapper fusion-column-has-shadow fusion-flex-justify-content-flex-start fusion-content-layout-column\"><div class=\"fusion-separator fusion-full-width-sep\" style=\"align-self: center;margin-left: auto;margin-right: auto;margin-top:30px;margin-bottom:30px;width:100%;max-width:100%;\"><\/div><\/div><\/div><\/div><\/div><\/div>\n","protected":false},"excerpt":{"rendered":"","protected":false},"author":1,"featured_media":0,"parent":0,"menu_order":0,"comment_status":"closed","ping_status":"open","template":"100-width.php","meta":{"footnotes":""},"class_list":["post-899","page","type-page","status-publish","hentry"],"_links":{"self":[{"href":"https:\/\/kadorpartner.com\/de\/wp-json\/wp\/v2\/pages\/899","targetHints":{"allow":["GET"]}}],"collection":[{"href":"https:\/\/kadorpartner.com\/de\/wp-json\/wp\/v2\/pages"}],"about":[{"href":"https:\/\/kadorpartner.com\/de\/wp-json\/wp\/v2\/types\/page"}],"author":[{"embeddable":true,"href":"https:\/\/kadorpartner.com\/de\/wp-json\/wp\/v2\/users\/1"}],"replies":[{"embeddable":true,"href":"https:\/\/kadorpartner.com\/de\/wp-json\/wp\/v2\/comments?post=899"}],"version-history":[{"count":31,"href":"https:\/\/kadorpartner.com\/de\/wp-json\/wp\/v2\/pages\/899\/revisions"}],"predecessor-version":[{"id":2651,"href":"https:\/\/kadorpartner.com\/de\/wp-json\/wp\/v2\/pages\/899\/revisions\/2651"}],"wp:attachment":[{"href":"https:\/\/kadorpartner.com\/de\/wp-json\/wp\/v2\/media?parent=899"}],"curies":[{"name":"wp","href":"https:\/\/api.w.org\/{rel}","templated":true}]}}