{"id":458,"date":"2023-06-06T12:28:59","date_gmt":"2023-06-06T10:28:59","guid":{"rendered":"https:\/\/kadorpartner.com\/beispiel-seite-2\/"},"modified":"2024-08-28T15:17:16","modified_gmt":"2024-08-28T13:17:16","slug":"news-insights","status":"publish","type":"page","link":"https:\/\/kadorpartner.com\/de\/news-insights\/","title":{"rendered":"News &#038; Insights"},"content":{"rendered":"<div id=\"unser-team\" class=\"fusion-container-anchor\"><div class=\"fusion-fullwidth fullwidth-box fusion-builder-row-1 fusion-flex-container has-pattern-background has-mask-background nonhundred-percent-fullwidth non-hundred-percent-height-scrolling fusion-custom-z-index\" style=\"--awb-border-radius-top-left:0px;--awb-border-radius-top-right:0px;--awb-border-radius-bottom-right:0px;--awb-border-radius-bottom-left:0px;--awb-z-index:30;--awb-background-color:var(--awb-color1);--awb-flex-wrap:wrap;\" ><div class=\"fusion-builder-row fusion-row fusion-flex-align-items-flex-start fusion-flex-align-content-flex-start fusion-flex-content-wrap\" style=\"max-width:1144px;margin-left: calc(-4% \/ 2 );margin-right: calc(-4% \/ 2 );\"><div class=\"fusion-layout-column fusion_builder_column fusion-builder-column-0 fusion_builder_column_1_1 1_1 fusion-flex-column fusion-flex-align-self-flex-start\" style=\"--awb-bg-size:cover;--awb-width-large:100%;--awb-margin-top-large:0px;--awb-spacing-right-large:1.92%;--awb-margin-bottom-large:20px;--awb-spacing-left-large:1.92%;--awb-width-medium:100%;--awb-order-medium:0;--awb-spacing-right-medium:1.92%;--awb-spacing-left-medium:1.92%;--awb-width-small:100%;--awb-order-small:0;--awb-spacing-right-small:1.92%;--awb-spacing-left-small:1.92%;\" data-scroll-devices=\"small-visibility,medium-visibility,large-visibility\"><div class=\"fusion-column-wrapper fusion-column-has-shadow fusion-flex-justify-content-flex-start fusion-content-layout-column\"><div class=\"fusion-separator fusion-full-width-sep\" style=\"align-self: center;margin-left: auto;margin-right: auto;margin-top:30px;margin-bottom:30px;width:100%;max-width:100%;\"><\/div><\/div><\/div><div class=\"fusion-layout-column fusion_builder_column fusion-builder-column-1 fusion_builder_column_1_1 1_1 fusion-flex-column fusion-flex-align-self-flex-start\" style=\"--awb-bg-size:cover;--awb-width-large:100%;--awb-margin-top-large:0px;--awb-spacing-right-large:1.92%;--awb-margin-bottom-large:0px;--awb-spacing-left-large:1.92%;--awb-width-medium:100%;--awb-order-medium:0;--awb-spacing-right-medium:1.92%;--awb-spacing-left-medium:1.92%;--awb-width-small:100%;--awb-order-small:0;--awb-spacing-right-small:1.92%;--awb-spacing-left-small:1.92%;\" data-scroll-devices=\"small-visibility,medium-visibility,large-visibility\"><div class=\"fusion-column-wrapper fusion-column-has-shadow fusion-flex-justify-content-center fusion-content-layout-column\"><div class=\"fusion-title title fusion-title-1 fusion-sep-none fusion-title-text fusion-title-size-one\" style=\"--awb-text-color:var(--awb-color4);--awb-font-size:var(--awb-typography2-font-size);\"><h1 class=\"fusion-title-heading title-heading-left\" style=\"font-family:var(--awb-typography2-font-family);font-weight:var(--awb-typography2-font-weight);font-style:var(--awb-typography2-font-style);margin:0;font-size:1em;letter-spacing:var(--awb-typography1-letter-spacing);text-transform:var(--awb-typography1-text-transform);line-height:var(--awb-typography1-line-height);\">News &amp; Insights<\/h1><\/div><div class=\"fusion-separator fusion-full-width-sep\" style=\"align-self: center;margin-left: auto;margin-right: auto;margin-top:15px;margin-bottom:15px;width:100%;max-width:100%;\"><\/div><div class=\"fusion-title title fusion-title-2 fusion-sep-none fusion-title-text fusion-title-size-one\" style=\"--awb-text-color:var(--awb-color4);--awb-font-size:var(--awb-typography2-font-size);\"><h1 class=\"fusion-title-heading title-heading-left\" style=\"font-family:var(--awb-typography2-font-family);font-weight:var(--awb-typography2-font-weight);font-style:var(--awb-typography2-font-style);margin:0;font-size:1em;letter-spacing:var(--awb-typography1-letter-spacing);text-transform:var(--awb-typography1-text-transform);line-height:var(--awb-typography1-line-height);\">KADOR &amp; PARTNER wird 50!<\/h1><\/div><\/div><\/div><div class=\"fusion-layout-column fusion_builder_column fusion-builder-column-2 fusion_builder_column_3_5 3_5 fusion-flex-column fusion-flex-align-self-flex-start\" style=\"--awb-bg-size:cover;--awb-width-large:60%;--awb-margin-top-large:0px;--awb-spacing-right-large:3.2%;--awb-margin-bottom-large:0px;--awb-spacing-left-large:3.2%;--awb-width-medium:60%;--awb-order-medium:0;--awb-spacing-right-medium:3.2%;--awb-spacing-left-medium:3.2%;--awb-width-small:100%;--awb-order-small:0;--awb-spacing-right-small:1.92%;--awb-spacing-left-small:1.92%;\" data-scroll-devices=\"small-visibility,medium-visibility,large-visibility\"><div class=\"fusion-column-wrapper fusion-column-has-shadow fusion-flex-justify-content-flex-start fusion-content-layout-column\"><div class=\"fusion-text fusion-text-1\" style=\"--awb-text-color:var(--awb-color8);\"><p><strong>\u00a0<\/strong><\/p>\n<p><strong>Wir freuen uns und sind sehr stolz darauf, das 50-j\u00e4hrige Bestehen von Kador &amp; Partner im Jahr 2024 ank\u00fcndigen zu k\u00f6nnen!<\/strong><\/p>\n<\/div><div class=\"fusion-text fusion-text-2\" style=\"--awb-text-color:var(--awb-color8);\"><p>Unsere Kanzlei wurde 1974 von Dr. Utz Kador gegr\u00fcndet und widmet sich seither der Betreuung von Mandanten aus aller Welt in Fragen des deutschen, europ\u00e4ischen und internationalen gewerblichen Rechtsschutzes. An diesem bedeutenden Punkt m\u00f6chten wir unseren gesch\u00e4tzten Mandanten, engagierten Kollegen, engagierten Mitarbeitern und gesch\u00e4tzten Freunden unseren tief empfundenen Dank aussprechen. Ihr unersch\u00fctterliches Vertrauen, ihre Loyalit\u00e4t und ihre Unterst\u00fctzung waren der Grundstein f\u00fcr unseren Erfolg in den letzten f\u00fcnf Jahrzehnten.<\/p>\n<p>Dieser Meilenstein ist ein Beweis f\u00fcr die gemeinsamen Bem\u00fchungen und Beziehungen, die unseren Weg gepr\u00e4gt haben. Wir sind uns bewusst, dass das Erreichen dieser 50-Jahres-Marke ohne die Unterst\u00fctzung all derer, die an unserer Geschichte beteiligt waren, nicht m\u00f6glich gewesen w\u00e4re. Wir feiern diesen Erfolg mit Dankbarkeit und Demut.<\/p>\n<p>Mit Blick auf die Zukunft werden wir weiterhin Tag f\u00fcr Tag au\u00dfergew\u00f6hnliche Dienstleistungen erbringen und uns bem\u00fchen, die Erwartungen unserer Kunden zu \u00fcbertreffen und ihre wachsenden Bed\u00fcrfnisse zu erf\u00fcllen. Wir sind zuversichtlich, dass die n\u00e4chsten 50 Jahre mit Ihrer Unterst\u00fctzung von noch gr\u00f6\u00dferen Erfolgen und Meilensteinen gepr\u00e4gt sein werden.<\/p>\n<p>Vielen Dank, dass Sie ein wesentlicher Teil unserer Reise sind. Prost auf den vergangenen, gegenw\u00e4rtigen und zuk\u00fcnftigen Erfolg von Kador &amp; Partner!<\/p>\n<p><b>Update August 2024<\/b><\/p>\n<p>Wir freuen uns, einige Fotos von unserer 50-j\u00e4hrigen Jubil\u00e4umsfeier zu teilen, die im Juli im pr\u00e4chtigen Schloss Nymphenburg in M\u00fcnchen stattfand. Es war ein wirklich unvergesslicher Abend, an dem Kanzleimitarbeiter, Kollegen und Freunde von Kador &amp; Partner zusammenkamen, um diesen Meilenstein zu feiern. Wir danken allen herzlich f\u00fcr ihre freundlichen Worte und Gesten zu diesem besonderen Anlass.<\/p><\/p>\n<\/div><div ><a class=\"fusion-button button-flat button-small button-default fusion-button-default button-1 fusion-button-default-span fusion-button-default-type\" target=\"_self\" data-hover=\"text_slide_up\" href=\"https:\/\/kadorpartner.com\/de\/newsletter\/\"><div class=\"awb-button-text-transition\"><span class=\"fusion-button-text fusion-button-text-right\">UNSER NEWSLETTER<\/span><span class=\"fusion-button-text fusion-button-text-right\">UNSER NEWSLETTER<\/span><\/div><span class=\"fusion-button-icon-divider button-icon-divider-right\"><i class=\"fa-arrow-alt-circle-right fas\" aria-hidden=\"true\"><\/i><\/span><\/a><\/div><\/div><\/div><div class=\"fusion-layout-column fusion_builder_column fusion-builder-column-3 fusion_builder_column_2_5 2_5 fusion-flex-column fusion-flex-align-self-flex-start\" style=\"--awb-bg-size:cover;--awb-width-large:40%;--awb-margin-top-large:0px;--awb-spacing-right-large:4.8%;--awb-margin-bottom-large:20px;--awb-spacing-left-large:4.8%;--awb-width-medium:40%;--awb-order-medium:0;--awb-spacing-right-medium:4.8%;--awb-spacing-left-medium:4.8%;--awb-width-small:100%;--awb-order-small:0;--awb-spacing-right-small:1.92%;--awb-spacing-left-small:1.92%;\" data-scroll-devices=\"small-visibility,medium-visibility,large-visibility\"><div class=\"fusion-column-wrapper fusion-column-has-shadow fusion-flex-justify-content-center fusion-content-layout-column\"><div class=\"fusion-image-element fusion-no-small-visibility\" style=\"--awb-caption-title-font-family:var(--h2_typography-font-family);--awb-caption-title-font-weight:var(--h2_typography-font-weight);--awb-caption-title-font-style:var(--h2_typography-font-style);--awb-caption-title-size:var(--h2_typography-font-size);--awb-caption-title-transform:var(--h2_typography-text-transform);--awb-caption-title-line-height:var(--h2_typography-line-height);--awb-caption-title-letter-spacing:var(--h2_typography-letter-spacing);\"><span class=\" fusion-imageframe imageframe-none imageframe-1 hover-type-none fusion-animated\" data-animationType=\"fadeInUp\" data-animationDuration=\"0.3\" data-animationOffset=\"top-into-view\"><img decoding=\"async\" width=\"868\" height=\"706\" title=\"50jahre\" src=\"https:\/\/kadorpartner.com\/wp-content\/uploads\/2024\/01\/50jahre.png\" data-orig-src=\"https:\/\/kadorpartner.com\/wp-content\/uploads\/2024\/01\/50jahre.png\" alt class=\"lazyload img-responsive wp-image-1938\" srcset=\"data:image\/svg+xml,%3Csvg%20xmlns%3D%27http%3A%2F%2Fwww.w3.org%2F2000%2Fsvg%27%20width%3D%27868%27%20height%3D%27706%27%20viewBox%3D%270%200%20868%20706%27%3E%3Crect%20width%3D%27868%27%20height%3D%27706%27%20fill-opacity%3D%220%22%2F%3E%3C%2Fsvg%3E\" data-srcset=\"https:\/\/kadorpartner.com\/wp-content\/uploads\/2024\/01\/50jahre-200x163.png 200w, https:\/\/kadorpartner.com\/wp-content\/uploads\/2024\/01\/50jahre-400x325.png 400w, https:\/\/kadorpartner.com\/wp-content\/uploads\/2024\/01\/50jahre-600x488.png 600w, https:\/\/kadorpartner.com\/wp-content\/uploads\/2024\/01\/50jahre-800x651.png 800w, https:\/\/kadorpartner.com\/wp-content\/uploads\/2024\/01\/50jahre.png 868w\" data-sizes=\"auto\" data-orig-sizes=\"(max-width: 640px) 100vw, 600px\" \/><\/span><\/div><div class=\"fusion-separator fusion-full-width-sep\" style=\"align-self: center;margin-left: auto;margin-right: auto;width:100%;\"><div class=\"fusion-separator-border sep-wavy\" style=\"--awb-height:20px;--awb-amount:20px;--awb-separator-pattern-url:url(&quot;data:image\/svg+xml;utf8,%3Csvg%20xmlns%3D%22http%3A%2F%2Fwww.w3.org%2F2000%2Fsvg%22%20preserveAspectRatio%3D%22none%22%20overflow%3D%22visible%22%20height%3D%22100%25%22%20viewBox%3D%220%200%2024%2024%22%20fill%3D%22none%22%20stroke%3D%22black%22%20stroke-width%3D%221%22%20stroke-linecap%3D%22square%22%20stroke-miterlimit%3D%2210%22%3E%3Cpath%20d%3D%22M0%2C6c6%2C0%2C0.9%2C11.1%2C6.9%2C11.1S18%2C6%2C24%2C6%22%2F%3E%3C%2Fsvg%3E&quot;);border-color:var(--awb-color3);\"><\/div><\/div><div class=\"fusion-slider-sc\"><div class=\"fusion-flexslider-loading flexslider flexslider-hover-type-none\" data-slideshow_autoplay=\"1\" data-slideshow_smooth_height=\"0\" data-slideshow_speed=\"7000\" style=\"max-width:100%;height:100%;\"><ul class=\"slides\"><li class=\"image\"><span class=\"lazyload fusion-image-hover-element hover-type-none\"><img decoding=\"async\" src=\"https:\/\/kadorpartner.com\/wp-content\/uploads\/2024\/08\/U7A2393-300x200.jpg\" data-orig-src=\"https:\/\/kadorpartner.com\/wp-content\/uploads\/2024\/08\/U7A2393-300x200.jpg\" width=\"300\" height=\"200\" class=\"lazyload wp-image-2750\" srcset=\"data:image\/svg+xml,%3Csvg%20xmlns%3D%27http%3A%2F%2Fwww.w3.org%2F2000%2Fsvg%27%20width%3D%27300%27%20height%3D%27200%27%20viewBox%3D%270%200%20300%20200%27%3E%3Crect%20width%3D%27300%27%20height%3D%27200%27%20fill-opacity%3D%220%22%2F%3E%3C%2Fsvg%3E\" data-srcset=\"https:\/\/kadorpartner.com\/wp-content\/uploads\/2024\/08\/U7A2393-200x133.jpg 200w, https:\/\/kadorpartner.com\/wp-content\/uploads\/2024\/08\/U7A2393-400x267.jpg 400w, https:\/\/kadorpartner.com\/wp-content\/uploads\/2024\/08\/U7A2393-600x400.jpg 600w, https:\/\/kadorpartner.com\/wp-content\/uploads\/2024\/08\/U7A2393-800x534.jpg 800w, https:\/\/kadorpartner.com\/wp-content\/uploads\/2024\/08\/U7A2393-1200x800.jpg 1200w\" data-sizes=\"auto\" data-orig-sizes=\"(max-width: 640px) 100vw, 600px\" \/><\/span><\/li><li class=\"image\"><span class=\"lazyload fusion-image-hover-element hover-type-none\"><img decoding=\"async\" src=\"https:\/\/kadorpartner.com\/wp-content\/uploads\/2024\/08\/U7A1772-Verbessert-RR-300x200.jpg\" data-orig-src=\"https:\/\/kadorpartner.com\/wp-content\/uploads\/2024\/08\/U7A1772-Verbessert-RR-300x200.jpg\" width=\"300\" height=\"200\" class=\"lazyload wp-image-2755\" srcset=\"data:image\/svg+xml,%3Csvg%20xmlns%3D%27http%3A%2F%2Fwww.w3.org%2F2000%2Fsvg%27%20width%3D%27300%27%20height%3D%27200%27%20viewBox%3D%270%200%20300%20200%27%3E%3Crect%20width%3D%27300%27%20height%3D%27200%27%20fill-opacity%3D%220%22%2F%3E%3C%2Fsvg%3E\" data-srcset=\"https:\/\/kadorpartner.com\/wp-content\/uploads\/2024\/08\/U7A1772-Verbessert-RR-200x133.jpg 200w, https:\/\/kadorpartner.com\/wp-content\/uploads\/2024\/08\/U7A1772-Verbessert-RR-400x267.jpg 400w, https:\/\/kadorpartner.com\/wp-content\/uploads\/2024\/08\/U7A1772-Verbessert-RR-600x400.jpg 600w, https:\/\/kadorpartner.com\/wp-content\/uploads\/2024\/08\/U7A1772-Verbessert-RR-800x534.jpg 800w, https:\/\/kadorpartner.com\/wp-content\/uploads\/2024\/08\/U7A1772-Verbessert-RR-1200x800.jpg 1200w\" data-sizes=\"auto\" data-orig-sizes=\"(max-width: 640px) 100vw, 600px\" \/><\/span><\/li><li class=\"image\"><span class=\"lazyload fusion-image-hover-element hover-type-none\"><img decoding=\"async\" src=\"https:\/\/kadorpartner.com\/wp-content\/uploads\/2024\/08\/U7A1935-300x200.jpg\" data-orig-src=\"https:\/\/kadorpartner.com\/wp-content\/uploads\/2024\/08\/U7A1935-300x200.jpg\" width=\"300\" height=\"200\" class=\"lazyload wp-image-2757\" srcset=\"data:image\/svg+xml,%3Csvg%20xmlns%3D%27http%3A%2F%2Fwww.w3.org%2F2000%2Fsvg%27%20width%3D%27300%27%20height%3D%27200%27%20viewBox%3D%270%200%20300%20200%27%3E%3Crect%20width%3D%27300%27%20height%3D%27200%27%20fill-opacity%3D%220%22%2F%3E%3C%2Fsvg%3E\" data-srcset=\"https:\/\/kadorpartner.com\/wp-content\/uploads\/2024\/08\/U7A1935-200x133.jpg 200w, https:\/\/kadorpartner.com\/wp-content\/uploads\/2024\/08\/U7A1935-400x267.jpg 400w, https:\/\/kadorpartner.com\/wp-content\/uploads\/2024\/08\/U7A1935-600x400.jpg 600w, https:\/\/kadorpartner.com\/wp-content\/uploads\/2024\/08\/U7A1935-800x534.jpg 800w, https:\/\/kadorpartner.com\/wp-content\/uploads\/2024\/08\/U7A1935-1200x800.jpg 1200w\" data-sizes=\"auto\" data-orig-sizes=\"(max-width: 640px) 100vw, 600px\" \/><\/span><\/li><li class=\"image\"><span class=\"lazyload fusion-image-hover-element hover-type-none\"><img decoding=\"async\" src=\"https:\/\/kadorpartner.com\/wp-content\/uploads\/2024\/08\/U7A1964-300x200.jpg\" data-orig-src=\"https:\/\/kadorpartner.com\/wp-content\/uploads\/2024\/08\/U7A1964-300x200.jpg\" width=\"300\" height=\"200\" class=\"lazyload wp-image-2759\" srcset=\"data:image\/svg+xml,%3Csvg%20xmlns%3D%27http%3A%2F%2Fwww.w3.org%2F2000%2Fsvg%27%20width%3D%27300%27%20height%3D%27200%27%20viewBox%3D%270%200%20300%20200%27%3E%3Crect%20width%3D%27300%27%20height%3D%27200%27%20fill-opacity%3D%220%22%2F%3E%3C%2Fsvg%3E\" data-srcset=\"https:\/\/kadorpartner.com\/wp-content\/uploads\/2024\/08\/U7A1964-200x133.jpg 200w, https:\/\/kadorpartner.com\/wp-content\/uploads\/2024\/08\/U7A1964-400x267.jpg 400w, https:\/\/kadorpartner.com\/wp-content\/uploads\/2024\/08\/U7A1964-600x400.jpg 600w, https:\/\/kadorpartner.com\/wp-content\/uploads\/2024\/08\/U7A1964-800x534.jpg 800w, https:\/\/kadorpartner.com\/wp-content\/uploads\/2024\/08\/U7A1964-1200x800.jpg 1200w\" data-sizes=\"auto\" data-orig-sizes=\"(max-width: 640px) 100vw, 600px\" \/><\/span><\/li><li class=\"image\"><span class=\"lazyload fusion-image-hover-element hover-type-none\"><img decoding=\"async\" src=\"https:\/\/kadorpartner.com\/wp-content\/uploads\/2024\/08\/U7A2378-300x203.jpg\" data-orig-src=\"https:\/\/kadorpartner.com\/wp-content\/uploads\/2024\/08\/U7A2378-300x203.jpg\" width=\"300\" height=\"203\" class=\"lazyload wp-image-2761\" srcset=\"data:image\/svg+xml,%3Csvg%20xmlns%3D%27http%3A%2F%2Fwww.w3.org%2F2000%2Fsvg%27%20width%3D%27300%27%20height%3D%27203%27%20viewBox%3D%270%200%20300%20203%27%3E%3Crect%20width%3D%27300%27%20height%3D%27203%27%20fill-opacity%3D%220%22%2F%3E%3C%2Fsvg%3E\" data-srcset=\"https:\/\/kadorpartner.com\/wp-content\/uploads\/2024\/08\/U7A2378-200x135.jpg 200w, https:\/\/kadorpartner.com\/wp-content\/uploads\/2024\/08\/U7A2378-400x270.jpg 400w, https:\/\/kadorpartner.com\/wp-content\/uploads\/2024\/08\/U7A2378-600x405.jpg 600w, https:\/\/kadorpartner.com\/wp-content\/uploads\/2024\/08\/U7A2378-800x540.jpg 800w, https:\/\/kadorpartner.com\/wp-content\/uploads\/2024\/08\/U7A2378-1200x810.jpg 1200w\" data-sizes=\"auto\" data-orig-sizes=\"(max-width: 640px) 100vw, 600px\" \/><\/span><\/li><\/ul><\/div><\/div><\/div><\/div><div class=\"fusion-layout-column fusion_builder_column fusion-builder-column-4 fusion_builder_column_1_1 1_1 fusion-flex-column fusion-flex-align-self-flex-start\" style=\"--awb-bg-size:cover;--awb-width-large:100%;--awb-margin-top-large:0px;--awb-spacing-right-large:1.92%;--awb-margin-bottom-large:20px;--awb-spacing-left-large:1.92%;--awb-width-medium:100%;--awb-order-medium:0;--awb-spacing-right-medium:1.92%;--awb-spacing-left-medium:1.92%;--awb-width-small:100%;--awb-order-small:0;--awb-spacing-right-small:1.92%;--awb-spacing-left-small:1.92%;\" data-scroll-devices=\"small-visibility,medium-visibility,large-visibility\"><div class=\"fusion-column-wrapper fusion-column-has-shadow fusion-flex-justify-content-flex-start fusion-content-layout-column\"><div class=\"fusion-separator fusion-full-width-sep\" style=\"align-self: center;margin-left: auto;margin-right: auto;margin-top:10px;margin-bottom:10px;width:100%;max-width:100%;\"><\/div><\/div><\/div><\/div><\/div><\/div>\n","protected":false},"excerpt":{"rendered":"","protected":false},"author":1,"featured_media":0,"parent":0,"menu_order":0,"comment_status":"closed","ping_status":"closed","template":"100-width.php","meta":{"footnotes":""},"class_list":["post-458","page","type-page","status-publish","hentry"],"_links":{"self":[{"href":"https:\/\/kadorpartner.com\/de\/wp-json\/wp\/v2\/pages\/458","targetHints":{"allow":["GET"]}}],"collection":[{"href":"https:\/\/kadorpartner.com\/de\/wp-json\/wp\/v2\/pages"}],"about":[{"href":"https:\/\/kadorpartner.com\/de\/wp-json\/wp\/v2\/types\/page"}],"author":[{"embeddable":true,"href":"https:\/\/kadorpartner.com\/de\/wp-json\/wp\/v2\/users\/1"}],"replies":[{"embeddable":true,"href":"https:\/\/kadorpartner.com\/de\/wp-json\/wp\/v2\/comments?post=458"}],"version-history":[{"count":242,"href":"https:\/\/kadorpartner.com\/de\/wp-json\/wp\/v2\/pages\/458\/revisions"}],"predecessor-version":[{"id":2766,"href":"https:\/\/kadorpartner.com\/de\/wp-json\/wp\/v2\/pages\/458\/revisions\/2766"}],"wp:attachment":[{"href":"https:\/\/kadorpartner.com\/de\/wp-json\/wp\/v2\/media?parent=458"}],"curies":[{"name":"wp","href":"https:\/\/api.w.org\/{rel}","templated":true}]}}