{"id":1120,"date":"2023-07-05T07:03:35","date_gmt":"2023-07-05T05:03:35","guid":{"rendered":"https:\/\/kadorpartner.com\/?page_id=1120"},"modified":"2024-05-29T11:56:10","modified_gmt":"2024-05-29T09:56:10","slug":"impressum","status":"publish","type":"page","link":"https:\/\/kadorpartner.com\/de\/impressum\/","title":{"rendered":"Impressum"},"content":{"rendered":"<div id=\"unser-team\" class=\"fusion-container-anchor\"><div class=\"fusion-fullwidth fullwidth-box fusion-builder-row-1 fusion-flex-container has-pattern-background has-mask-background nonhundred-percent-fullwidth non-hundred-percent-height-scrolling fusion-custom-z-index\" style=\"--awb-border-radius-top-left:0px;--awb-border-radius-top-right:0px;--awb-border-radius-bottom-right:0px;--awb-border-radius-bottom-left:0px;--awb-z-index:30;--awb-background-color:var(--awb-color1);--awb-flex-wrap:wrap;\" ><div class=\"fusion-builder-row fusion-row fusion-flex-align-items-flex-start fusion-flex-align-content-flex-start fusion-flex-justify-content-center fusion-flex-content-wrap\" style=\"max-width:1144px;margin-left: calc(-4% \/ 2 );margin-right: calc(-4% \/ 2 );\"><div class=\"fusion-layout-column fusion_builder_column fusion-builder-column-0 fusion_builder_column_1_1 1_1 fusion-flex-column fusion-flex-align-self-flex-start\" style=\"--awb-bg-size:cover;--awb-width-large:100%;--awb-margin-top-large:0px;--awb-spacing-right-large:1.92%;--awb-margin-bottom-large:20px;--awb-spacing-left-large:1.92%;--awb-width-medium:100%;--awb-order-medium:0;--awb-spacing-right-medium:1.92%;--awb-spacing-left-medium:1.92%;--awb-width-small:100%;--awb-order-small:0;--awb-spacing-right-small:1.92%;--awb-spacing-left-small:1.92%;\" data-scroll-devices=\"small-visibility,medium-visibility,large-visibility\"><div class=\"fusion-column-wrapper fusion-column-has-shadow fusion-flex-justify-content-flex-start fusion-content-layout-column\"><div class=\"fusion-separator fusion-full-width-sep\" style=\"align-self: center;margin-left: auto;margin-right: auto;margin-top:30px;margin-bottom:30px;width:100%;max-width:100%;\"><\/div><\/div><\/div><div class=\"fusion-layout-column fusion_builder_column fusion-builder-column-1 fusion_builder_column_4_5 4_5 fusion-flex-column\" style=\"--awb-bg-size:cover;--awb-width-large:80%;--awb-margin-top-large:0px;--awb-spacing-right-large:2.4%;--awb-margin-bottom-large:40px;--awb-spacing-left-large:2.4%;--awb-width-medium:80%;--awb-order-medium:0;--awb-spacing-right-medium:2.4%;--awb-spacing-left-medium:2.4%;--awb-width-small:100%;--awb-order-small:0;--awb-spacing-right-small:1.92%;--awb-spacing-left-small:1.92%;\" data-scroll-devices=\"small-visibility,medium-visibility,large-visibility\"><div class=\"fusion-column-wrapper fusion-column-has-shadow fusion-flex-justify-content-flex-start fusion-content-layout-column\"><div class=\"fusion-title title fusion-title-1 fusion-sep-none fusion-title-text fusion-title-size-one\" style=\"--awb-text-color:var(--awb-color4);--awb-font-size:var(--awb-typography2-font-size);\"><h1 class=\"fusion-title-heading title-heading-left\" style=\"font-family:var(--awb-typography2-font-family);font-weight:var(--awb-typography2-font-weight);font-style:var(--awb-typography2-font-style);margin:0;font-size:1em;letter-spacing:var(--awb-typography1-letter-spacing);text-transform:var(--awb-typography1-text-transform);line-height:var(--awb-typography1-line-height);\">Impressum<\/h1><\/div><div class=\"fusion-separator fusion-full-width-sep\" style=\"align-self: center;margin-left: auto;margin-right: auto;margin-top:5px;margin-bottom:5px;width:100%;max-width:100%;\"><\/div><div class=\"fusion-text fusion-text-1\" style=\"--awb-text-color:var(--awb-color8);\"><p>Diese Seite wird betrieben durch<\/p>\n<\/p>\n<p><strong>Kador &amp; Partner Part mbB<\/strong><\/p>\n<p>Corneliusstr. 15<br \/>\n80469 M\u00fcnchen<\/p>\n<p>Tel: +49\/89\/2 01 52 52<br \/>\nFax: +49\/89\/2 01 52 42<br \/>\ne-mail: mail@kadorpartner.com<\/p>\n<p>Vertreten durch die Gesch\u00e4ftsf\u00fchrer: <\/p>\n<p>Dr. Bernhard Pillep<br \/><span style=\"background-color: var(--awb-bg-color-hover); color: var(--awb-text-color); font-family: var(--awb-text-font-family); font-size: var(--awb-font-size); font-style: var(--awb-text-font-style); font-weight: var(--awb-text-font-weight); letter-spacing: var(--awb-letter-spacing); text-align: var(--awb-content-alignment); text-transform: var(--awb-text-transform);\">Dr. Alexander Racz<br \/><\/span><span style=\"color: var(--awb-text-color); font-family: var(--awb-text-font-family); font-size: var(--awb-font-size); font-style: var(--awb-text-font-style); font-weight: var(--awb-text-font-weight); letter-spacing: var(--awb-letter-spacing); text-align: var(--awb-content-alignment); text-transform: var(--awb-text-transform); background-color: var(--awb-bg-color-hover);\">Dr. Sebastian Siebenhaar<br \/><\/span><span style=\"color: var(--awb-text-color); font-family: var(--awb-text-font-family); font-size: var(--awb-font-size); font-style: var(--awb-text-font-style); font-weight: var(--awb-text-font-weight); letter-spacing: var(--awb-letter-spacing); text-align: var(--awb-content-alignment); text-transform: var(--awb-text-transform); background-color: var(--awb-bg-color-hover);\">Dr. Karoline Bopp<\/span><\/p>\n<p>Verantwortlich f\u00fcr den redaktionellen Inhalt dieser Seiten:<\/p>\n<p>Kador &amp; Partner Part mbB <br \/>Sitz: M\u00fcnchen<br \/>\nRegistergericht: Amtsgericht M\u00fcnchen<br \/>\nRegisterblatt: PR 1563<\/p>\n<\/div><div class=\"fusion-text fusion-text-2\" style=\"--awb-text-color:var(--awb-color8);\"><p><strong>Kammern und Zulassungsland:<\/strong><br \/>\nUnsere Patentanw\u00e4lte sind beim Europ\u00e4ischen Patentamt zugelassen und Mitglieder des Instituts der beim Europ\u00e4ischen Patentamt zugelassenen Vertreter (www.epa.de).<\/p>\n<p>Unsere Patentanw\u00e4lte sind auch in der Bundesrepublik Deutschland zugelassen.<\/p>\n<p>Die zust\u00e4ndige Kammer der Patentanw\u00e4lte ist die Patentanwaltskammer M\u00fcnchen. (www.patentanwalt.de)<\/p>\n<p>Unsere Rechtsanw\u00e4lte im B\u00fcro M\u00fcnchen sind in der Bundesrepublik Deutschland zugelassen und Mitglieder der Rechtsanwaltskammer M\u00fcnchen.<\/p>\n<p>Die zust\u00e4ndige Kammer der Rechtsanw\u00e4lte des M\u00fcnchner B\u00fcros ist die Rechtsanwaltskammer M\u00fcnchen. (www.rechtsanwaltskammer-muenchen.de)<\/p>\n<\/div><div class=\"fusion-text fusion-text-3\" style=\"--awb-text-color:var(--awb-color8);\"><p><strong>Berufsrechtliche Regelungen<\/strong><br \/>\nPatentanw\u00e4lte unterliegen folgenden berufsrechtlichen Regelungen:<\/p>\n<p>Patentanwaltsordnung (PAO)<br \/>\nBerufsordnung f\u00fcr Patentanw\u00e4lte (BOPA)<br \/>\nStandesregeln FICPI<br \/>\nCode of Professional Conduct des epi<\/p>\n<p>Rechtsanw\u00e4lte unterliegen folgenden berufsrechtlichen Regelugen:<\/p>\n<p>Bundesrechtsanwaltsordnung BRAO<br \/>\nBundesgeb\u00fchrenordnung f\u00fcr RA<br \/>\nBerufsordnung f\u00fcr Rechtsanw\u00e4lte (BORA)<br \/>\nStandesregeln der Rechtsanw\u00e4lte in der Europ\u00e4ischen Gemeinschaft (CCBE-Berufsregeln)<br \/>\nRVG (seit 1.7. 2004)<br \/>\nFachanwaltsordnung<\/p>\n<\/div><div class=\"fusion-text fusion-text-4\" style=\"--awb-text-color:var(--awb-color8);\"><p><strong>Umsatzsteueridentifikations-Nummer<\/strong><br \/>\nDE 249017301<\/p>\n<\/div><div class=\"fusion-text fusion-text-5\" style=\"--awb-text-color:var(--awb-color8);\"><p><strong>Umsetzung der Website<\/strong><br \/>\n<a href=\"https:\/\/www.sehenundmachen.de\" rel=\"noopener\" target=\"_blank\">sehenundmachen.de<\/a><\/p>\n<\/div><div class=\"fusion-text fusion-text-6\" style=\"--awb-text-color:var(--awb-color8);\"><p><strong>Haftungsausschluss<\/strong><\/p>\n<p><strong>1. Inhalt des Onlineangebotes<\/strong><br \/>\nKador &#038; Partner Part mbB ist bem\u00fcht auf diesen Webseiten stets aktuelle, richtige und vollst\u00e4ndige Informationen darzubieten. Dennoch schlie\u00dft Kador &#038; Partner Part mbB jegliche Gew\u00e4hr f\u00fcr die Aktualit\u00e4t, Korrektheit und Vollst\u00e4ndigkeit der dargebotenen Informationen aus. Haftungsanspr\u00fcche gegen Kador &#038; Partner Part mbB, die sich auf Sch\u00e4den materieller oder ideeller Art beziehen, die durch die Nutzung oder Nichtnutzung der dargebotenen Informationen bzw. durch die Nutzung fehlerhafter und unvollst\u00e4ndiger Informationen verursacht wurden, sind grunds\u00e4tzlich ausgeschlossen, sofern seitens des Anbieters kein nachweislich vors\u00e4tzliches oder grob fahrl\u00e4ssiges Verschulden vorliegt.<\/p>\n<p><strong>2. Verweise und Links<\/strong><br \/>\nBei direkten oder indirekten Verweisen auf fremde Internetseiten (&#8222;Links&#8220;), die au\u00dferhalb des Verantwortungsbereiches von Kador &#038; Partner Part mbB liegen, haftet allein der Anbieter der Seite, auf welche verwiesen wurde.<\/p>\n<p><strong>3. Urheber- und Kennzeichenrecht<\/strong><br \/>\nAlle innerhalb des Internetangebotes genannten und ggf. durch Dritte gesch\u00fctzten Marken- und Warenzeichen unterliegen uneingeschr\u00e4nkt den Bestimmungen des jeweils g\u00fcltigen Kennzeichenrechts und den Besitzrechten der jeweiligen eingetragenen Eigent\u00fcmer. Allein aufgrund der blo\u00dfen Nennung ist nicht der Schluss zu ziehen, dass Markenzeichen nicht durch Rechte Dritter gesch\u00fctzt sind. Das Copyright f\u00fcr ver\u00f6ffentlichte, vom Autor selbst erstellte Objekte bleibt allein beim Autor der Seiten. Eine Vervielf\u00e4ltigung oder Verwendung solcher Grafiken und Texte in anderen elektronischen oder gedruckten Publikationen ist ohne ausdr\u00fcckliche Zustimmung von Kador &#038; Partner nicht gestattet.<\/p>\n<\/div><div class=\"fusion-text fusion-text-7\" style=\"--awb-text-color:var(--awb-color8);\"><p><strong>Versicherung<\/strong><br \/>\nMarkel Insurance SE<br \/>\nSophienstr. 26<br \/>\n80333 M\u00fcnchen<br \/>\nR\u00e4umlicher Geltungsbereich: EU und EWR<\/p>\n<\/div><\/div><\/div><div class=\"fusion-layout-column fusion_builder_column fusion-builder-column-2 fusion_builder_column_1_1 1_1 fusion-flex-column fusion-flex-align-self-flex-start\" style=\"--awb-bg-size:cover;--awb-width-large:100%;--awb-margin-top-large:0px;--awb-spacing-right-large:1.92%;--awb-margin-bottom-large:20px;--awb-spacing-left-large:1.92%;--awb-width-medium:100%;--awb-order-medium:0;--awb-spacing-right-medium:1.92%;--awb-spacing-left-medium:1.92%;--awb-width-small:100%;--awb-order-small:0;--awb-spacing-right-small:1.92%;--awb-spacing-left-small:1.92%;\" data-scroll-devices=\"small-visibility,medium-visibility,large-visibility\"><div class=\"fusion-column-wrapper fusion-column-has-shadow fusion-flex-justify-content-flex-start fusion-content-layout-column\"><div class=\"fusion-separator fusion-full-width-sep\" style=\"align-self: center;margin-left: auto;margin-right: auto;margin-top:15px;margin-bottom:15px;width:100%;max-width:100%;\"><\/div><\/div><\/div><\/div><\/div><\/div>\n","protected":false},"excerpt":{"rendered":"","protected":false},"author":1,"featured_media":0,"parent":0,"menu_order":0,"comment_status":"closed","ping_status":"closed","template":"100-width.php","meta":{"footnotes":""},"class_list":["post-1120","page","type-page","status-publish","hentry"],"_links":{"self":[{"href":"https:\/\/kadorpartner.com\/de\/wp-json\/wp\/v2\/pages\/1120","targetHints":{"allow":["GET"]}}],"collection":[{"href":"https:\/\/kadorpartner.com\/de\/wp-json\/wp\/v2\/pages"}],"about":[{"href":"https:\/\/kadorpartner.com\/de\/wp-json\/wp\/v2\/types\/page"}],"author":[{"embeddable":true,"href":"https:\/\/kadorpartner.com\/de\/wp-json\/wp\/v2\/users\/1"}],"replies":[{"embeddable":true,"href":"https:\/\/kadorpartner.com\/de\/wp-json\/wp\/v2\/comments?post=1120"}],"version-history":[{"count":9,"href":"https:\/\/kadorpartner.com\/de\/wp-json\/wp\/v2\/pages\/1120\/revisions"}],"predecessor-version":[{"id":2661,"href":"https:\/\/kadorpartner.com\/de\/wp-json\/wp\/v2\/pages\/1120\/revisions\/2661"}],"wp:attachment":[{"href":"https:\/\/kadorpartner.com\/de\/wp-json\/wp\/v2\/media?parent=1120"}],"curies":[{"name":"wp","href":"https:\/\/api.w.org\/{rel}","templated":true}]}}